{"id":189,"date":"2020-04-16T17:28:26","date_gmt":"2020-04-16T14:28:26","guid":{"rendered":"https:\/\/seanerji.com\/?page_id=189"},"modified":"2025-04-14T14:50:10","modified_gmt":"2025-04-14T11:50:10","slug":"hakkimizda","status":"publish","type":"page","link":"https:\/\/seanerji.com\/index.php\/hakkimizda\/","title":{"rendered":"Hakk\u0131m\u0131zda"},"content":{"rendered":"\t\t<div data-elementor-type=\"wp-page\" data-elementor-id=\"189\" class=\"elementor elementor-189\" data-elementor-settings=\"[]\">\n\t\t\t<div class=\"elementor-inner\">\n\t\t\t\t<div class=\"elementor-section-wrap\">\n\t\t\t\t\t\t\t<section class=\"elementor-element elementor-element-79cbc7e elementor-section-stretched elementor-section-content-bottom elementor-hidden-tablet elementor-hidden-phone elementor-section-boxed elementor-section-height-default elementor-section-height-default elementor-section elementor-top-section\" data-id=\"79cbc7e\" data-element_type=\"section\" data-settings=\"{&quot;stretch_section&quot;:&quot;section-stretched&quot;,&quot;background_background&quot;:&quot;classic&quot;}\">\n\t\t\t\t\t\t\t<div class=\"elementor-background-overlay\"><\/div>\n\t\t\t\t\t\t\t<div class=\"elementor-container elementor-column-gap-default\">\n\t\t\t\t<div class=\"elementor-row\">\n\t\t\t\t<div class=\"elementor-element elementor-element-1d1faff elementor-column elementor-col-100 elementor-top-column\" data-id=\"1d1faff\" data-element_type=\"column\">\n\t\t\t<div class=\"elementor-column-wrap\">\n\t\t\t\t\t<div class=\"elementor-widget-wrap\">\n\t\t\t\t\t\t<\/div>\n\t\t\t<\/div>\n\t\t<\/div>\n\t\t\t\t\t\t<\/div>\n\t\t\t<\/div>\n\t\t<\/section>\n\t\t\t\t<section class=\"elementor-element elementor-element-73155b8 elementor-section-boxed elementor-section-height-default elementor-section-height-default elementor-section elementor-top-section\" data-id=\"73155b8\" data-element_type=\"section\">\n\t\t\t\t\t\t<div class=\"elementor-container elementor-column-gap-default\">\n\t\t\t\t<div class=\"elementor-row\">\n\t\t\t\t<div class=\"elementor-element elementor-element-63fc8dc elementor-column elementor-col-100 elementor-top-column\" data-id=\"63fc8dc\" data-element_type=\"column\">\n\t\t\t<div class=\"elementor-column-wrap  elementor-element-populated\">\n\t\t\t\t\t<div class=\"elementor-widget-wrap\">\n\t\t\t\t<div class=\"elementor-element elementor-element-3709869 elementor-widget elementor-widget-heading\" data-id=\"3709869\" data-element_type=\"widget\" data-widget_type=\"heading.default\">\n\t\t\t\t<div class=\"elementor-widget-container\">\n\t\t\t<h1 class=\"elementor-heading-title elementor-size-default\">Seanerji Elektrik Sistemleri San. ve Tic. Ltd. \u015eti.<\/h1>\t\t<\/div>\n\t\t\t\t<\/div>\n\t\t\t\t<div class=\"elementor-element elementor-element-f2f2700 elementor-widget elementor-widget-text-editor\" data-id=\"f2f2700\" data-element_type=\"widget\" data-widget_type=\"text-editor.default\">\n\t\t\t\t<div class=\"elementor-widget-container\">\n\t\t\t\t\t<div class=\"elementor-text-editor elementor-clearfix\"><p>Elektrik tesisat, proje m\u00fchendislik taahh\u00fct, Otomasyon ve zay\u0131f ak\u0131m sistemler, Enerji nakil hatlar\u0131 Ag ve Orta Gerilim, Proje Y\u00f6netimi ve Dan\u0131\u015fmanl\u0131k Hizmetleri.<br><\/p><\/div>\n\t\t\t\t<\/div>\n\t\t\t\t<\/div>\n\t\t\t\t\t\t<\/div>\n\t\t\t<\/div>\n\t\t<\/div>\n\t\t\t\t\t\t<\/div>\n\t\t\t<\/div>\n\t\t<\/section>\n\t\t\t\t<section class=\"elementor-element elementor-element-8966e34 elementor-section-boxed elementor-section-height-default elementor-section-height-default elementor-section elementor-top-section\" data-id=\"8966e34\" data-element_type=\"section\">\n\t\t\t\t\t\t<div class=\"elementor-container elementor-column-gap-default\">\n\t\t\t\t<div class=\"elementor-row\">\n\t\t\t\t<div class=\"elementor-element elementor-element-316c8f1 elementor-column elementor-col-50 elementor-top-column\" data-id=\"316c8f1\" data-element_type=\"column\">\n\t\t\t<div class=\"elementor-column-wrap  elementor-element-populated\">\n\t\t\t\t\t<div class=\"elementor-widget-wrap\">\n\t\t\t\t<div class=\"elementor-element elementor-element-ee2e29c elementor-widget elementor-widget-text-editor\" data-id=\"ee2e29c\" data-element_type=\"widget\" data-widget_type=\"text-editor.default\">\n\t\t\t\t<div class=\"elementor-widget-container\">\n\t\t\t\t\t<div class=\"elementor-text-editor elementor-clearfix\"><p style=\"text-align: right;\"><strong>Firma \u00dcnvan\u0131<\/strong><\/p><p style=\"text-align: right;\">Seanerji Elektrik Sistemleri Sanayi ve Ticaret Ltd.Sti<\/p><\/div>\n\t\t\t\t<\/div>\n\t\t\t\t<\/div>\n\t\t\t\t<div class=\"elementor-element elementor-element-f2d5873 elementor-widget elementor-widget-text-editor\" data-id=\"f2d5873\" data-element_type=\"widget\" data-widget_type=\"text-editor.default\">\n\t\t\t\t<div class=\"elementor-widget-container\">\n\t\t\t\t\t<div class=\"elementor-text-editor elementor-clearfix\"><p style=\"text-align: right;\"><strong>Kurulu\u015f Tarihi<\/strong><\/p><p style=\"text-align: right;\">Ocak 2011<\/p><\/div>\n\t\t\t\t<\/div>\n\t\t\t\t<\/div>\n\t\t\t\t<div class=\"elementor-element elementor-element-0999a79 elementor-widget elementor-widget-text-editor\" data-id=\"0999a79\" data-element_type=\"widget\" data-widget_type=\"text-editor.default\">\n\t\t\t\t<div class=\"elementor-widget-container\">\n\t\t\t\t\t<div class=\"elementor-text-editor elementor-clearfix\"><p style=\"text-align: right;\"><strong>Yer<\/strong><\/p><p style=\"text-align: right;\">Bah\u00e7e\u015fehir, \u0130stanbul \/ T\u00fcrkiye<\/p><\/div>\n\t\t\t\t<\/div>\n\t\t\t\t<\/div>\n\t\t\t\t<div class=\"elementor-element elementor-element-064c7b6 elementor-widget elementor-widget-text-editor\" data-id=\"064c7b6\" data-element_type=\"widget\" data-widget_type=\"text-editor.default\">\n\t\t\t\t<div class=\"elementor-widget-container\">\n\t\t\t\t\t<div class=\"elementor-text-editor elementor-clearfix\"><\/div>\n\t\t\t\t<\/div>\n\t\t\t\t<\/div>\n\t\t\t\t<div class=\"elementor-element elementor-element-dabda1d elementor-widget elementor-widget-text-editor\" data-id=\"dabda1d\" data-element_type=\"widget\" data-widget_type=\"text-editor.default\">\n\t\t\t\t<div class=\"elementor-widget-container\">\n\t\t\t\t\t<div class=\"elementor-text-editor elementor-clearfix\"><p style=\"text-align: right;\"><strong>Faaliyetler<\/strong><\/p><p style=\"text-align: right;\">Elektrik, Mekanik, Otomasyon, Panel ve Alternatif Enerji Sistemleri<\/p><\/div>\n\t\t\t\t<\/div>\n\t\t\t\t<\/div>\n\t\t\t\t\t\t<\/div>\n\t\t\t<\/div>\n\t\t<\/div>\n\t\t\t\t<div class=\"elementor-element elementor-element-82d7c0f elementor-column elementor-col-50 elementor-top-column\" data-id=\"82d7c0f\" data-element_type=\"column\">\n\t\t\t<div class=\"elementor-column-wrap  elementor-element-populated\">\n\t\t\t\t\t<div class=\"elementor-widget-wrap\">\n\t\t\t\t<div class=\"elementor-element elementor-element-b4b1413 elementor-widget elementor-widget-text-editor\" data-id=\"b4b1413\" data-element_type=\"widget\" data-widget_type=\"text-editor.default\">\n\t\t\t\t<div class=\"elementor-widget-container\">\n\t\t\t\t\t<div class=\"elementor-text-editor elementor-clearfix\"><p style=\"text-align: left;\"><strong>Ama\u00e7<\/strong><\/p><p style=\"text-align: left;\">M\u00fchendislik ilkelerinden ve etik de\u011ferlerden \u00f6d\u00fcn vermeden m\u00fc\u015fterilerimizin ihtiyac\u0131 olan proje ve hizmetleri; gelece\u011fin teknolojileri, gerek-yeterlilik ve fayda-maliyet dengelerinde harmanlanarak s\u00fcrd\u00fcr\u00fclebilir sistemler geli\u015ftirmek.<\/p><\/div>\n\t\t\t\t<\/div>\n\t\t\t\t<\/div>\n\t\t\t\t<div class=\"elementor-element elementor-element-1c3cd68 elementor-widget elementor-widget-text-editor\" data-id=\"1c3cd68\" data-element_type=\"widget\" data-widget_type=\"text-editor.default\">\n\t\t\t\t<div class=\"elementor-widget-container\">\n\t\t\t\t\t<div class=\"elementor-text-editor elementor-clearfix\"><p><span style=\"text-decoration: underline;\"><strong>\u0130lkelerimiz<\/strong><\/span><\/p><ul style=\"list-style-type: square;\"><li>\u0130\u015fimizi komisyonculuk olarak alg\u0131lamay\u0131z.<\/li><li>Sorunun de\u011fil \u00e7\u00f6z\u00fcm\u00fcn orta\u011f\u0131y\u0131z.<\/li><li>B\u00fct\u00e7enin k\u00fc\u00e7\u00fckl\u00fc\u011f\u00fcne b\u00fcy\u00fckl\u00fc\u011f\u00fcne g\u00f6re tav\u0131r tak\u0131nmay\u0131z.<\/li><li>Deneme yapmay\u0131z, maceraya at\u0131lmay\u0131z.<\/li><li>Y\u0131llar ge\u00e7se de, s\u00f6yledi\u011fimiz s\u00f6z\u00fcn, yapt\u0131\u011f\u0131m\u0131z i\u015fin arkas\u0131nda dururuz.<\/li><li>Yapt\u0131\u011f\u0131m\u0131z hi\u00e7bir i\u015ften utanmay\u0131z, utanaca\u011f\u0131m\u0131z i\u015fi yapmay\u0131z.<\/li><li>Amat\u00f6r bir ruhla \u00e7al\u0131\u015fma kavram\u0131na inanmay\u0131z, profesyonellikten \u015fa\u015fmay\u0131z.<\/li><li>Ba\u015fkas\u0131n\u0131n paras\u0131n\u0131 kulland\u0131\u011f\u0131m\u0131z\u0131 akl\u0131m\u0131zdan hi\u00e7 \u00e7\u0131karmay\u0131z.<\/li><li>Yenilik\u00e7i fikir \u00fcretmekten \u00e7ekinmeyiz<\/li><li>Bizlerin bug\u00fcnlere gelmesinde b\u00fcy\u00fck katk\u0131lar\u0131 olan patronlar\u0131m\u0131z\u0131 m\u00fc\u015fterilerimizi hi\u00e7 unutmay\u0131z.<\/li><\/ul><\/div>\n\t\t\t\t<\/div>\n\t\t\t\t<\/div>\n\t\t\t\t\t\t<\/div>\n\t\t\t<\/div>\n\t\t<\/div>\n\t\t\t\t\t\t<\/div>\n\t\t\t<\/div>\n\t\t<\/section>\n\t\t\t\t<section class=\"elementor-element elementor-element-9d1828e elementor-section-stretched elementor-section-full_width elementor-section-height-default elementor-section-height-default elementor-section elementor-top-section\" data-id=\"9d1828e\" data-element_type=\"section\" data-settings=\"{&quot;stretch_section&quot;:&quot;section-stretched&quot;}\">\n\t\t\t\t\t\t<div class=\"elementor-container elementor-column-gap-default\">\n\t\t\t\t<div class=\"elementor-row\">\n\t\t\t\t<div class=\"elementor-element elementor-element-021b9b7 elementor-column elementor-col-100 elementor-top-column\" data-id=\"021b9b7\" data-element_type=\"column\">\n\t\t\t<div class=\"elementor-column-wrap  elementor-element-populated\">\n\t\t\t\t\t<div class=\"elementor-widget-wrap\">\n\t\t\t\t<div class=\"elementor-element elementor-element-f1ee832 elementor-widget elementor-widget-divider\" data-id=\"f1ee832\" data-element_type=\"widget\" data-widget_type=\"divider.default\">\n\t\t\t\t<div class=\"elementor-widget-container\">\n\t\t\t\t\t<div class=\"elementor-divider\">\n\t\t\t<span class=\"elementor-divider-separator\">\n\t\t\t\t\t\t<\/span>\n\t\t<\/div>\n\t\t\t\t<\/div>\n\t\t\t\t<\/div>\n\t\t\t\t\t\t<\/div>\n\t\t\t<\/div>\n\t\t<\/div>\n\t\t\t\t\t\t<\/div>\n\t\t\t<\/div>\n\t\t<\/section>\n\t\t\t\t<section class=\"elementor-element elementor-element-3937a96 elementor-section-boxed elementor-section-height-default elementor-section-height-default elementor-section elementor-top-section\" data-id=\"3937a96\" data-element_type=\"section\">\n\t\t\t\t\t\t<div class=\"elementor-container elementor-column-gap-default\">\n\t\t\t\t<div class=\"elementor-row\">\n\t\t\t\t<div class=\"elementor-element elementor-element-271b232 elementor-column elementor-col-25 elementor-top-column\" data-id=\"271b232\" data-element_type=\"column\">\n\t\t\t<div class=\"elementor-column-wrap  elementor-element-populated\">\n\t\t\t\t\t<div class=\"elementor-widget-wrap\">\n\t\t\t\t<div class=\"elementor-element elementor-element-b20ab16 elementor-position-top elementor-vertical-align-top elementor-widget elementor-widget-image-box\" data-id=\"b20ab16\" data-element_type=\"widget\" data-widget_type=\"image-box.default\">\n\t\t\t\t<div class=\"elementor-widget-container\">\n\t\t\t<div class=\"elementor-image-box-wrapper\"><figure class=\"elementor-image-box-img\"><img decoding=\"async\" src=\"https:\/\/seanerji.com\/wp-content\/uploads\/2020\/04\/seanerji-elektrik-ikon-01.svg\" title=\"seanerji-elektrik-ikon-01\" alt=\"seanerji-elektrik-ikon-01\" \/><\/figure><div class=\"elementor-image-box-content\"><h3 class=\"elementor-image-box-title\">Elektrik<\/h3><p class=\"elementor-image-box-description\">Ayd\u0131nlatma Sistemleri,<br>G\u00fc\u00e7 Da\u011f\u0131t\u0131m Sistemleri, AG Panolar\u0131,<br> OG Tesisleri, Bus-Bar Sistemleri,<br>Paratoner, Topraklama<\/p><\/div><\/div>\t\t<\/div>\n\t\t\t\t<\/div>\n\t\t\t\t\t\t<\/div>\n\t\t\t<\/div>\n\t\t<\/div>\n\t\t\t\t<div class=\"elementor-element elementor-element-246e647 elementor-column elementor-col-25 elementor-top-column\" data-id=\"246e647\" data-element_type=\"column\">\n\t\t\t<div class=\"elementor-column-wrap  elementor-element-populated\">\n\t\t\t\t\t<div class=\"elementor-widget-wrap\">\n\t\t\t\t<div class=\"elementor-element elementor-element-193bd34 elementor-position-top elementor-vertical-align-top elementor-widget elementor-widget-image-box\" data-id=\"193bd34\" data-element_type=\"widget\" data-widget_type=\"image-box.default\">\n\t\t\t\t<div class=\"elementor-widget-container\">\n\t\t\t<div class=\"elementor-image-box-wrapper\"><figure class=\"elementor-image-box-img\"><img decoding=\"async\" src=\"https:\/\/seanerji.com\/wp-content\/uploads\/2020\/04\/seanerji-zayif-akim-ikon-01.svg\" title=\"seanerji-zayif-akim-ikon-01\" alt=\"seanerji-zayif-akim-ikon-01\" \/><\/figure><div class=\"elementor-image-box-content\"><h3 class=\"elementor-image-box-title\">Zay\u0131f Ak\u0131m<\/h3><p class=\"elementor-image-box-description\">Yang\u0131n \u0130hbar Sistemi, Kamera Sistemleri, Kartl\u0131 Ge\u00e7i\u015f, G\u00fcvenlik Sistemleri, Seslendirme, Data & Network,<br>Fiber Optik<\/p><\/div><\/div>\t\t<\/div>\n\t\t\t\t<\/div>\n\t\t\t\t\t\t<\/div>\n\t\t\t<\/div>\n\t\t<\/div>\n\t\t\t\t<div class=\"elementor-element elementor-element-919521a elementor-column elementor-col-25 elementor-top-column\" data-id=\"919521a\" data-element_type=\"column\">\n\t\t\t<div class=\"elementor-column-wrap  elementor-element-populated\">\n\t\t\t\t\t<div class=\"elementor-widget-wrap\">\n\t\t\t\t<div class=\"elementor-element elementor-element-7f6a342 elementor-position-top elementor-vertical-align-top elementor-widget elementor-widget-image-box\" data-id=\"7f6a342\" data-element_type=\"widget\" data-widget_type=\"image-box.default\">\n\t\t\t\t<div class=\"elementor-widget-container\">\n\t\t\t<div class=\"elementor-image-box-wrapper\"><figure class=\"elementor-image-box-img\"><img decoding=\"async\" src=\"https:\/\/seanerji.com\/wp-content\/uploads\/2020\/04\/seanerji-otomasyon-ikon-01.svg\" title=\"seanerji-otomasyon-ikon-01\" alt=\"seanerji-otomasyon-ikon-01\" \/><\/figure><div class=\"elementor-image-box-content\"><h3 class=\"elementor-image-box-title\">Otomasyon<\/h3><p class=\"elementor-image-box-description\">Plc, Ddc, Dcs,<br>Scada\nEnerji Otomasyonu,<br>BMS Bina Otomasyonu,<br>Proses Otomasyonu<\/p><\/div><\/div>\t\t<\/div>\n\t\t\t\t<\/div>\n\t\t\t\t\t\t<\/div>\n\t\t\t<\/div>\n\t\t<\/div>\n\t\t\t\t<div class=\"elementor-element elementor-element-25e3395 elementor-column elementor-col-25 elementor-top-column\" data-id=\"25e3395\" data-element_type=\"column\">\n\t\t\t<div class=\"elementor-column-wrap  elementor-element-populated\">\n\t\t\t\t\t<div class=\"elementor-widget-wrap\">\n\t\t\t\t<div class=\"elementor-element elementor-element-4f3a7d9 elementor-position-top elementor-vertical-align-top elementor-widget elementor-widget-image-box\" data-id=\"4f3a7d9\" data-element_type=\"widget\" data-widget_type=\"image-box.default\">\n\t\t\t\t<div class=\"elementor-widget-container\">\n\t\t\t<div class=\"elementor-image-box-wrapper\"><figure class=\"elementor-image-box-img\"><img decoding=\"async\" src=\"https:\/\/seanerji.com\/wp-content\/uploads\/2020\/04\/seanerji-alternatif-enerji-ikon-01.svg\" title=\"seanerji-alternatif-enerji-ikon-01\" alt=\"seanerji-alternatif-enerji-ikon-01\" \/><\/figure><div class=\"elementor-image-box-content\"><h3 class=\"elementor-image-box-title\">Yenilenebilir Enerji<\/h3><p class=\"elementor-image-box-description\">WTS R\u00fczgar Enerjisi,<br>PVP G\u00fcne\u015f Enerjisi<\/p><\/div><\/div>\t\t<\/div>\n\t\t\t\t<\/div>\n\t\t\t\t\t\t<\/div>\n\t\t\t<\/div>\n\t\t<\/div>\n\t\t\t\t\t\t<\/div>\n\t\t\t<\/div>\n\t\t<\/section>\n\t\t\t\t<section class=\"elementor-element elementor-element-b7ec24c elementor-section-stretched elementor-section-full_width elementor-section-height-default elementor-section-height-default elementor-section elementor-top-section\" data-id=\"b7ec24c\" data-element_type=\"section\" data-settings=\"{&quot;stretch_section&quot;:&quot;section-stretched&quot;,&quot;background_background&quot;:&quot;classic&quot;}\">\n\t\t\t\t\t\t<div class=\"elementor-container elementor-column-gap-default\">\n\t\t\t\t<div class=\"elementor-row\">\n\t\t\t\t<div class=\"elementor-element elementor-element-cbeeda2 elementor-column elementor-col-100 elementor-top-column\" data-id=\"cbeeda2\" data-element_type=\"column\">\n\t\t\t<div class=\"elementor-column-wrap  elementor-element-populated\">\n\t\t\t\t\t<div class=\"elementor-widget-wrap\">\n\t\t\t\t<div class=\"elementor-element elementor-element-38d8042 elementor-widget elementor-widget-heading\" data-id=\"38d8042\" data-element_type=\"widget\" data-widget_type=\"heading.default\">\n\t\t\t\t<div class=\"elementor-widget-container\">\n\t\t\t<h1 class=\"elementor-heading-title elementor-size-default\">\u00c7\u00f6z\u00fcm Ortaklar\u0131m\u0131z<\/h1>\t\t<\/div>\n\t\t\t\t<\/div>\n\t\t\t\t<div class=\"elementor-element elementor-element-30645ec elementor-arrows-position-inside elementor-pagination-position-outside elementor-widget elementor-widget-image-carousel\" data-id=\"30645ec\" data-element_type=\"widget\" data-settings=\"{&quot;slides_to_show&quot;:&quot;6&quot;,&quot;slides_to_show_mobile&quot;:&quot;2&quot;,&quot;slides_to_scroll&quot;:&quot;2&quot;,&quot;pause_on_hover&quot;:&quot;no&quot;,&quot;navigation&quot;:&quot;both&quot;,&quot;autoplay&quot;:&quot;yes&quot;,&quot;pause_on_interaction&quot;:&quot;yes&quot;,&quot;autoplay_speed&quot;:5000,&quot;infinite&quot;:&quot;yes&quot;,&quot;speed&quot;:500,&quot;direction&quot;:&quot;ltr&quot;}\" data-widget_type=\"image-carousel.default\">\n\t\t\t\t<div class=\"elementor-widget-container\">\n\t\t\t\t\t<div class=\"elementor-image-carousel-wrapper swiper-container\" dir=\"ltr\">\n\t\t\t<div class=\"elementor-image-carousel swiper-wrapper\">\n\t\t\t\t<div class=\"swiper-slide\"><figure class=\"swiper-slide-inner\"><img decoding=\"async\" class=\"swiper-slide-image\" src=\"https:\/\/seanerji.com\/wp-content\/uploads\/elementor\/thumbs\/logo-abb-oo5mz8eil0jkok756empgmlma0reqxu0jbztlx5xxc.png\" alt=\"logo-abb\" \/><\/figure><\/div><div class=\"swiper-slide\"><figure class=\"swiper-slide-inner\"><img decoding=\"async\" class=\"swiper-slide-image\" src=\"https:\/\/seanerji.com\/wp-content\/uploads\/elementor\/thumbs\/logo-eae-oo5mz9ccrukv065s0x1c14d2vemrymxqvgnb374jr4.png\" alt=\"logo-eae\" \/><\/figure><\/div><div class=\"swiper-slide\"><figure class=\"swiper-slide-inner\"><img decoding=\"async\" class=\"swiper-slide-image\" src=\"https:\/\/seanerji.com\/wp-content\/uploads\/elementor\/thumbs\/logo-eaton-oo5mz9ccrukv065s0x1c14d2vemrymxqvgnb374jr4.png\" alt=\"logo-eaton\" \/><\/figure><\/div><div class=\"swiper-slide\"><figure class=\"swiper-slide-inner\"><img decoding=\"async\" class=\"swiper-slide-image\" src=\"https:\/\/seanerji.com\/wp-content\/uploads\/elementor\/thumbs\/logo-ge-oo5mz9ccrukv065s0x1c14d2vemrymxqvgnb374jr4.png\" alt=\"logo-ge\" \/><\/figure><\/div><div class=\"swiper-slide\"><figure class=\"swiper-slide-inner\"><img decoding=\"async\" class=\"swiper-slide-image\" src=\"https:\/\/seanerji.com\/wp-content\/uploads\/elementor\/thumbs\/logo-hes-oo5mzaa6yom5bs4evffylm4jgsi56c1h7laskh35kw.png\" alt=\"logo-hes\" \/><\/figure><\/div><div class=\"swiper-slide\"><figure class=\"swiper-slide-inner\"><img decoding=\"async\" class=\"swiper-slide-image\" src=\"https:\/\/seanerji.com\/wp-content\/uploads\/elementor\/thumbs\/logo-legrand-oo5mzaa6yom5bs4evffylm4jgsi56c1h7laskh35kw.png\" alt=\"logo-legrand\" \/><\/figure><\/div><div class=\"swiper-slide\"><figure class=\"swiper-slide-inner\"><img decoding=\"async\" class=\"swiper-slide-image\" src=\"https:\/\/seanerji.com\/wp-content\/uploads\/elementor\/thumbs\/logo-prysmian-oo5mzaa6yom5bs4evffylm4jgsi56c1h7laskh35kw.png\" alt=\"logo-prysmian\" \/><\/figure><\/div><div class=\"swiper-slide\"><figure class=\"swiper-slide-inner\"><img decoding=\"async\" class=\"swiper-slide-image\" src=\"https:\/\/seanerji.com\/wp-content\/uploads\/elementor\/thumbs\/logo-schneider-oo5mzaa6yom5bs4evffylm4jgsi56c1h7laskh35kw.png\" alt=\"logo-schneider\" \/><\/figure><\/div><div class=\"swiper-slide\"><figure class=\"swiper-slide-inner\"><img decoding=\"async\" class=\"swiper-slide-image\" src=\"https:\/\/seanerji.com\/wp-content\/uploads\/elementor\/thumbs\/logo-siemens-oo5mzb815infne31pxul63w026die157jpya1r1reo.png\" alt=\"logo-siemens\" \/><\/figure><\/div>\t\t\t<\/div>\n\t\t\t\t\t\t\t\t\t\t\t\t<div class=\"swiper-pagination\"><\/div>\n\t\t\t\t\t\t\t\t\t\t\t\t\t<div class=\"elementor-swiper-button elementor-swiper-button-prev\">\n\t\t\t\t\t\t<i class=\"eicon-chevron-left\" aria-hidden=\"true\"><\/i>\n\t\t\t\t\t\t<span class=\"elementor-screen-only\">\u00d6nceki<\/span>\n\t\t\t\t\t<\/div>\n\t\t\t\t\t<div class=\"elementor-swiper-button elementor-swiper-button-next\">\n\t\t\t\t\t\t<i class=\"eicon-chevron-right\" aria-hidden=\"true\"><\/i>\n\t\t\t\t\t\t<span class=\"elementor-screen-only\">Sonraki<\/span>\n\t\t\t\t\t<\/div>\n\t\t\t\t\t\t\t\t\t<\/div>\n\t\t\t\t<\/div>\n\t\t\t\t<\/div>\n\t\t\t\t\t\t<\/div>\n\t\t\t<\/div>\n\t\t<\/div>\n\t\t\t\t\t\t<\/div>\n\t\t\t<\/div>\n\t\t<\/section>\n\t\t\t\t\t\t<\/div>\n\t\t\t<\/div>\n\t\t<\/div>\n\t\t","protected":false},"excerpt":{"rendered":"<p>Seanerji Elektrik Sistemleri San. ve Tic. Ltd. \u015eti. Elektrik tesisat, proje m\u00fchendislik taahh\u00fct, Otomasyon ve zay\u0131f ak\u0131m sistemler, Enerji nakil hatlar\u0131 Ag ve Orta Gerilim, Proje Y\u00f6netimi ve Dan\u0131\u015fmanl\u0131k Hizmetleri. Firma \u00dcnvan\u0131 Seanerji Elektrik Sistemleri Sanayi ve Ticaret Ltd.Sti Kurulu\u015f Tarihi Ocak 2011 Yer Bah\u00e7e\u015fehir, \u0130stanbul \/ T\u00fcrkiye Faaliyetler Elektrik, Mekanik, Otomasyon, Panel ve Alternatif [&hellip;]<\/p>\n","protected":false},"author":1,"featured_media":0,"parent":0,"menu_order":0,"comment_status":"closed","ping_status":"open","template":"","meta":[],"_links":{"self":[{"href":"https:\/\/seanerji.com\/index.php\/wp-json\/wp\/v2\/pages\/189"}],"collection":[{"href":"https:\/\/seanerji.com\/index.php\/wp-json\/wp\/v2\/pages"}],"about":[{"href":"https:\/\/seanerji.com\/index.php\/wp-json\/wp\/v2\/types\/page"}],"author":[{"embeddable":true,"href":"https:\/\/seanerji.com\/index.php\/wp-json\/wp\/v2\/users\/1"}],"replies":[{"embeddable":true,"href":"https:\/\/seanerji.com\/index.php\/wp-json\/wp\/v2\/comments?post=189"}],"version-history":[{"count":16,"href":"https:\/\/seanerji.com\/index.php\/wp-json\/wp\/v2\/pages\/189\/revisions"}],"predecessor-version":[{"id":241,"href":"https:\/\/seanerji.com\/index.php\/wp-json\/wp\/v2\/pages\/189\/revisions\/241"}],"wp:attachment":[{"href":"https:\/\/seanerji.com\/index.php\/wp-json\/wp\/v2\/media?parent=189"}],"curies":[{"name":"wp","href":"https:\/\/api.w.org\/{rel}","templated":true}]}}